{"id":89,"date":"2015-04-27T08:00:23","date_gmt":"2015-04-27T11:00:23","guid":{"rendered":"http:\/\/profile.net.br\/demo\/sincomam1\/?page_id=89"},"modified":"2022-03-17T09:23:02","modified_gmt":"2022-03-17T12:23:02","slug":"o-sincomam","status":"publish","type":"page","link":"https:\/\/www.sincomam.org.br\/index.php\/o-sincomam\/","title":{"rendered":"SINCOMAM"},"content":{"rendered":"<p>Fundado em 12 de mar\u00e7o de 1927, na cidade do Rio de Janeiro, o <strong>SINCOMAM &#8211; Sindicato Nacional dos Condutores da Marinha Mercante e Afins,<\/strong> contempla 95 anos de exist\u00eancia no Brasil. Nesse quase um s\u00e9culo de hist\u00f3ria, o Sindicato consagrou uma trajet\u00f3ria de lutas e conquistas importantes para o engrandecimento da categoria dos Condutores de M\u00e1quinas da Marinha Mercante. A entidade sindical, que nasceu com o objetivo de defender, coordenar e representar legalmente a categoria profissional, vem ao longo dos anos numa busca cont\u00ednua de melhores condi\u00e7\u00f5es de vida e trabalho para os seus representados. O SINCOMAM tamb\u00e9m possui rela\u00e7\u00f5es com as demais Entidades Sindicais, com o intuito de fortalecer a unidade da classe trabalhadora e promover a defesa dos seus interesses sociais.<\/p>\n<p style=\"text-align: center;\"><strong>LINHA DO TEMPO<\/strong><\/p>\n<p><strong>1927 &#8211; <\/strong>In\u00edcio da jornada do sindicato. Na ocasi\u00e3o, v\u00e1rios Condutores de M\u00e1quinas investiram meses de trabalho para construir o que \u00e9 hoje o SINCOMAM, liderados pelo Condutor Pedro Lossano Ruy, que veio a ser o 1\u00ba Presidente da institui\u00e7\u00e3o.<\/p>\n<p><strong>1931 &#8211; <\/strong>Conquista do reconhecimento oficial e a Primeira Carta Sindical.<\/p>\n<p><strong>Anos 90 &#8211; <\/strong>Com o avan\u00e7o do neoliberalismo, o sindicato enfrentou grandes adversidades contra os ataques aos direitos conquistados, que perduram com mais veem\u00eancia nos dias de hoje. Entidade se torna refer\u00eancia entre os sindicatos aquavi\u00e1rios, sendo para a categoria de Condutores de M\u00e1quinas instrumento de luta em defesa dos direitos conquistados;<\/p>\n<p><strong>Conquistas &#8211; <\/strong>O SINCOMAM obt\u00e9m \u00eaxitos importantes, como: concess\u00e3o do vale-alimenta\u00e7\u00e3o\/refei\u00e7\u00e3o; aux\u00edlio-creche; planos de sa\u00fade; PLR, 14\u00aa, cesta-alimenta\u00e7\u00e3o; licen\u00e7a-maternidade; licen\u00e7a-paternidade ampliada de 20 dias; instrumento de combate ao ass\u00e9dio moral; Perfil Profissiogr\u00e1fico Previdenci\u00e1rio \u2013 PPP, cria\u00e7\u00e3o dos cursos CAAQ IMM E ACOM, aumento da compet\u00eancia profissional dos CDM\u2019s e tantos outros benef\u00edcios conquistados no apoio portu\u00e1rio, apoio mar\u00edtimo, cabotagem e longo curso.<\/p>\n<p><strong>D\u00e9cada 2000 &#8211; <\/strong>Visando o fortalecer a atua\u00e7\u00e3o do SINCOMAM, foram abertas delegacias em alguns estados do Brasil: Delegacia Sede (RJ), Delegacia de Maca\u00e9 (RJ), Delegacia do Maranh\u00e3o (MA), Delegacia de Salvador (BA).<\/p>\n<p><strong>Equipe &#8211; <\/strong>SINCOMAM amplia equipe para auxiliar seus representados referente aos servi\u00e7os de assist\u00eancia jur\u00eddica em diversas \u00e1reas, efetuando homologa\u00e7\u00f5es das rescis\u00f5es, encaminhamento de den\u00fancias fundamentadas ao Minist\u00e9rio P\u00fablico do Trabalho, negocia\u00e7\u00e3o anual dos ACT\u2019s (Acordos Coletivos de Trabalho) com o setor patronal, entre outras atividades.<\/p>\n<p><strong>Servi\u00e7os &#8211; <\/strong>Sindicato disponibiliza servi\u00e7os que possibilitam descontos, tais como: conv\u00eanios com universidades, col\u00e9gios, cursos de idiomas, inform\u00e1tica, supletivos, profissionalizantes, autoescola, academias, pousadas, hot\u00e9is, dentre outros benef\u00edcios ofertados a todos os associados e seus dependentes.<\/p>\n<p><strong>Revista &#8211; <\/strong>A Revista SINCOMAM (impressa e digital) traz entrevistas exclusivas, mat\u00e9rias referentes ao setor de petr\u00f3leo e g\u00e1s, Marinha Mercante, Portos e as principais a\u00e7\u00f5es do SINCOMAM. O site, nossa principal ferramenta de comunica\u00e7\u00e3o, apresenta os acontecimentos do Brasil e do Mundo, al\u00e9m do conte\u00fado pr\u00f3prio do Sindicato para os associados.<\/p>\n","protected":false},"excerpt":{"rendered":"<p>Fundado em 12 de mar\u00e7o de 1927, na cidade do Rio de Janeiro, o SINCOMAM &#8211; Sindicato Nacional dos Condutores da Marinha Mercante e Afins,&#8230;<\/p>\n","protected":false},"author":1187,"featured_media":507,"parent":0,"menu_order":0,"comment_status":"closed","ping_status":"closed","template":"page-template-fullwidth.php","meta":{"footnotes":""},"class_list":["post-89","page","type-page","status-publish","has-post-thumbnail","hentry"],"_links":{"self":[{"href":"https:\/\/www.sincomam.org.br\/index.php\/wp-json\/wp\/v2\/pages\/89","targetHints":{"allow":["GET"]}}],"collection":[{"href":"https:\/\/www.sincomam.org.br\/index.php\/wp-json\/wp\/v2\/pages"}],"about":[{"href":"https:\/\/www.sincomam.org.br\/index.php\/wp-json\/wp\/v2\/types\/page"}],"author":[{"embeddable":true,"href":"https:\/\/www.sincomam.org.br\/index.php\/wp-json\/wp\/v2\/users\/1187"}],"replies":[{"embeddable":true,"href":"https:\/\/www.sincomam.org.br\/index.php\/wp-json\/wp\/v2\/comments?post=89"}],"version-history":[{"count":11,"href":"https:\/\/www.sincomam.org.br\/index.php\/wp-json\/wp\/v2\/pages\/89\/revisions"}],"predecessor-version":[{"id":38329,"href":"https:\/\/www.sincomam.org.br\/index.php\/wp-json\/wp\/v2\/pages\/89\/revisions\/38329"}],"wp:featuredmedia":[{"embeddable":true,"href":"https:\/\/www.sincomam.org.br\/index.php\/wp-json\/wp\/v2\/media\/507"}],"wp:attachment":[{"href":"https:\/\/www.sincomam.org.br\/index.php\/wp-json\/wp\/v2\/media?parent=89"}],"curies":[{"name":"wp","href":"https:\/\/api.w.org\/{rel}","templated":true}]}}