{"id":581,"date":"2013-11-07T17:03:58","date_gmt":"2013-11-07T17:03:58","guid":{"rendered":"http:\/\/www.sincomam.org.br\/?page_id=581"},"modified":"2019-05-16T12:57:55","modified_gmt":"2019-05-16T15:57:55","slug":"formulario-sindicalize-se","status":"publish","type":"page","link":"https:\/\/www.sincomam.org.br\/index.php\/formulario-sindicalize-se\/","title":{"rendered":"Formul\u00e1rio Sindicalize-se"},"content":{"rendered":"<p>INSTRU\u00c7\u00d5ES:<\/p>\n<p>Ap\u00f3s terminar de preencher o formul\u00e1rio, imprima e assine a proposta de associa\u00e7\u00e3o e a autoriza\u00e7\u00e3o de desconto, leve ou envie para a SINCOMAM, juntamente com a sua documenta\u00e7\u00e3o.<\/p>\n<p><iframe style=\"height: 2700px; width: 100%;\" src=\"https:\/\/www.sincomam.org.br\/sistema\/sindicalize-se.php#top\" width=\"100%\" height=\"1800px\" frameborder=\"0\"><\/iframe><\/p>\n","protected":false},"excerpt":{"rendered":"<p>INSTRU\u00c7\u00d5ES: Ap\u00f3s terminar de preencher o formul\u00e1rio, imprima e assine a proposta de associa\u00e7\u00e3o e a autoriza\u00e7\u00e3o de desconto, leve ou envie para a SINCOMAM,&#8230;<\/p>\n","protected":false},"author":1187,"featured_media":0,"parent":0,"menu_order":0,"comment_status":"closed","ping_status":"closed","template":"page-template-fullwidth.php","meta":{"footnotes":""},"class_list":["post-581","page","type-page","status-publish","hentry"],"_links":{"self":[{"href":"https:\/\/www.sincomam.org.br\/index.php\/wp-json\/wp\/v2\/pages\/581","targetHints":{"allow":["GET"]}}],"collection":[{"href":"https:\/\/www.sincomam.org.br\/index.php\/wp-json\/wp\/v2\/pages"}],"about":[{"href":"https:\/\/www.sincomam.org.br\/index.php\/wp-json\/wp\/v2\/types\/page"}],"author":[{"embeddable":true,"href":"https:\/\/www.sincomam.org.br\/index.php\/wp-json\/wp\/v2\/users\/1187"}],"replies":[{"embeddable":true,"href":"https:\/\/www.sincomam.org.br\/index.php\/wp-json\/wp\/v2\/comments?post=581"}],"version-history":[{"count":14,"href":"https:\/\/www.sincomam.org.br\/index.php\/wp-json\/wp\/v2\/pages\/581\/revisions"}],"predecessor-version":[{"id":27924,"href":"https:\/\/www.sincomam.org.br\/index.php\/wp-json\/wp\/v2\/pages\/581\/revisions\/27924"}],"wp:attachment":[{"href":"https:\/\/www.sincomam.org.br\/index.php\/wp-json\/wp\/v2\/media?parent=581"}],"curies":[{"name":"wp","href":"https:\/\/api.w.org\/{rel}","templated":true}]}}