{"id":541,"date":"2013-11-07T12:58:13","date_gmt":"2013-11-07T12:58:13","guid":{"rendered":"http:\/\/www.sincomam.org.br\/?page_id=541"},"modified":"2013-12-03T13:16:58","modified_gmt":"2013-12-03T13:16:58","slug":"associado-cadastre-o-seu-curriculo","status":"publish","type":"page","link":"https:\/\/www.sincomam.org.br\/index.php\/associado-cadastre-o-seu-curriculo\/","title":{"rendered":"Associado &#8211; Cadastre o seu Curr\u00edculo"},"content":{"rendered":"<p style=\"text-align: center;\">\n\n                <div class='gf_browser_gecko gform_wrapper' id='gform_wrapper_1' ><a id='gf_1' name='gf_1' class='gform_anchor' ><\/a><form method='post' enctype='multipart\/form-data' target='gform_ajax_frame_1' id='gform_1'  action='\/index.php\/wp-json\/wp\/v2\/pages\/541#gf_1'>\n                        <div class='gform_heading'>\n                            <h3 class='gform_title'>Preencha os dados com a maior exatid\u00e3o poss\u00edvel<\/h3>\n                            <span class='gform_description'><\/span>\n                        <\/div>\n                        <div class='gform_body'>\n                            <ul id='gform_fields_1' class='gform_fields top_label description_below'><li id='field_1_1' class='gfield               gfield_contains_required' ><label class='gfield_label' for='input_1_1_3'>Nome<span class='gfield_required'>*<\/span><\/label><div class='ginput_complex ginput_container' id='input_1_1'><span id='input_1_1_3_container' class='ginput_left'><input type='text' name='input_1.3' id='input_1_1_3' value='' tabindex='1' \/><label for='input_1_1_3'>Primeiro<\/label><\/span><span id='input_1_1_6_container' class='ginput_right'><input type='text' name='input_1.6' id='input_1_1_6' value='' tabindex='2' \/><label for='input_1_1_6'>Sobrenome<\/label><\/span><div class='gf_clear gf_clear_complex'><\/div><\/div><\/li><li id='field_1_10' class='gfield               gfield_contains_required' ><label class='gfield_label' for='input_1_10'>Data de Nascimento<span class='gfield_required'>*<\/span><\/label><div class='clear-multi'><div class='gfield_date_month ginput_container' id='input_1_10'><input type='text' maxlength='2' name='input_10[]' id='input_1_10_1' value='' tabindex='3' \/><label for='input_1_10_1'>MM<\/label><\/div><div class='gfield_date_day ginput_container' id='input_1_10'><input type='text' maxlength='2' name='input_10[]' id='input_1_10_2' value='' tabindex='4' \/><label for='input_1_10_2'>DD<\/label><\/div><div class='gfield_date_year ginput_container' id='input_1_10'><input type='text' maxlength='4' name='input_10[]' id='input_1_10_3' value='' tabindex='5' \/><label for='input_1_10_3'>AAAA<\/label><\/div><\/div><\/li><li id='field_1_2' class='gfield               gfield_contains_required' ><label class='gfield_label' for='input_1_2_1'>Endere\u00e7o<span class='gfield_required'>*<\/span><\/label><div class='ginput_complex ginput_container' id='input_1_2'><span class='ginput_full' id='input_1_2_1_container'><input type='text' name='input_2.1' id='input_1_2_1' value='' tabindex='6' \/><label for='input_1_2_1' id='input_1_2_1_label'>Endere\u00e7o<\/label><\/span><span class='ginput_full' id='input_1_2_2_container' ><input type='text' name='input_2.2' id='input_1_2_2' value='' tabindex='7' \/><label for='input_1_2_2' id='input_1_2_2_label'>Bairro e Complemento<\/label><\/span><span class='ginput_left' id='input_1_2_3_container'><input type='text' name='input_2.3' id='input_1_2_3' value='' tabindex='8' \/><label for='input_1_2_3' id='input_1_2.3_label'>Cidade<\/label><\/span><span class='ginput_right' id='input_1_2_4_container' ><input type='text' name='input_2.4' id='input_1_2_4' value='' tabindex='10'   \/><label for='input_1_2_4' id='input_1_2_4_label'>Estado<\/label><\/span><span class='ginput_left' id='input_1_2_5_container'><input type='text' name='input_2.5' id='input_1_2_5' value='' tabindex='11' \/><label for='input_1_2_5' id='input_1_2_5_label'>CEP<\/label><\/span><span class='ginput_right' id='input_1_2_6_container' ><select name='input_2.6' id='input_1_2_6' tabindex='12' ><option value='' selected='selected'><\/option><option value='Afeganist\u00e3o' >Afeganist\u00e3o<\/option><option value='Alb\u00e2nia' >Alb\u00e2nia<\/option><option value='Argelia' >Argelia<\/option><option value='Samoa Americana' >Samoa Americana<\/option><option value='Andorra' >Andorra<\/option><option value='Angola' >Angola<\/option><option value='Ant\u00edgua e Barbuda' >Ant\u00edgua e Barbuda<\/option><option value='Argentina' >Argentina<\/option><option value='Armenia' >Armenia<\/option><option value='Austr\u00e1lia' >Austr\u00e1lia<\/option><option value='\u00c1ustria' >\u00c1ustria<\/option><option value='Azerbaij\u00e3o' >Azerbaij\u00e3o<\/option><option value='Bahamas' >Bahamas<\/option><option value='Bahrain' >Bahrain<\/option><option value='Bangladesh' >Bangladesh<\/option><option value='Barbados' >Barbados<\/option><option value='Belarus' >Belarus<\/option><option value='B\u00e9lgica' >B\u00e9lgica<\/option><option value='Belize' >Belize<\/option><option value='Benin' >Benin<\/option><option value='Bermuda' >Bermuda<\/option><option value='But\u00e3o' >But\u00e3o<\/option><option value='Bolivia' >Bolivia<\/option><option value='B\u00f3snia e Hezergovina' >B\u00f3snia e Hezergovina<\/option><option value='Botsuana' >Botsuana<\/option><option value='Brasil' >Brasil<\/option><option value='Brunei' >Brunei<\/option><option value='Bulgaria' >Bulgaria<\/option><option value='Burkina Faso' >Burkina Faso<\/option><option value='Burundi' >Burundi<\/option><option value='Camboja' >Camboja<\/option><option value='Camar\u00f5es' >Camar\u00f5es<\/option><option value='Canad\u00e1' >Canad\u00e1<\/option><option value='Cabo Verde' >Cabo Verde<\/option><option value='Rep\u00fablica Central Africana' >Rep\u00fablica Central Africana<\/option><option value='Chade' >Chade<\/option><option value='Chile' >Chile<\/option><option value='China' >China<\/option><option value='Colombia' >Colombia<\/option><option value='Comores' >Comores<\/option><option value='Congo, Democratic Republic of the' >Congo, Democratic Republic of the<\/option><option value='Congo, Republic of the' >Congo, Republic of the<\/option><option value='Costa Rica' >Costa Rica<\/option><option value='Costa do Marfim' >Costa do Marfim<\/option><option value='Croacia' >Croacia<\/option><option value='Cuba' >Cuba<\/option><option value='Chipre' >Chipre<\/option><option value='Rep\u00fablica Tcheca' >Rep\u00fablica Tcheca<\/option><option value='Dinamarca' >Dinamarca<\/option><option value='Djibouti' >Djibouti<\/option><option value='Dominica' >Dominica<\/option><option value='Rep\u00fablica Dominicana' >Rep\u00fablica Dominicana<\/option><option value='Timor Leste' >Timor Leste<\/option><option value='Equador' >Equador<\/option><option value='Egito' >Egito<\/option><option value='El Salvador' >El Salvador<\/option><option value='Guin\u00e9 Equatorial' >Guin\u00e9 Equatorial<\/option><option value='Eritr\u00e9ia' >Eritr\u00e9ia<\/option><option value='Est\u00f4nia' >Est\u00f4nia<\/option><option value='Eti\u00f3pia' >Eti\u00f3pia<\/option><option value='Fiji' >Fiji<\/option><option value='Finl\u00e2ndia' >Finl\u00e2ndia<\/option><option value='Franca' >Franca<\/option><option value='Gab\u00e3o' >Gab\u00e3o<\/option><option value='Gambia' >Gambia<\/option><option value='Georgia' >Georgia<\/option><option value='Alemanha' >Alemanha<\/option><option value='Gana' >Gana<\/option><option value='Gr\u00e9cia' >Gr\u00e9cia<\/option><option value='Groenl\u00e2ndia' >Groenl\u00e2ndia<\/option><option value='Grenada' >Grenada<\/option><option value='Guam' >Guam<\/option><option value='Guatemala' >Guatemala<\/option><option value='Guin\u00e9' >Guin\u00e9<\/option><option value='Guin\u00e9-Bissau' >Guin\u00e9-Bissau<\/option><option value='Guiana' >Guiana<\/option><option value='Haiti' >Haiti<\/option><option value='Honduras' >Honduras<\/option><option value='Hong Kong' >Hong Kong<\/option><option value='Hungria' >Hungria<\/option><option value='Isl\u00e2ndia' >Isl\u00e2ndia<\/option><option value='India' >India<\/option><option value='Indonesia' >Indonesia<\/option><option value='Iran' >Iran<\/option><option value='Iraque' >Iraque<\/option><option value='Irlanda' >Irlanda<\/option><option value='Israel' >Israel<\/option><option value='Italia' >Italia<\/option><option value='Jamaica' >Jamaica<\/option><option value='Jap\u00e3o' >Jap\u00e3o<\/option><option value='Jordania' >Jordania<\/option><option value='Casaquist\u00e3o' >Casaquist\u00e3o<\/option><option value='Quenia' >Quenia<\/option><option value='Kiribati' >Kiribati<\/option><option value='Cor\u00e9ia do Norte' >Cor\u00e9ia do Norte<\/option><option value='Cor\u00e9ia do Sul' >Cor\u00e9ia do Sul<\/option><option value='Kuwait' >Kuwait<\/option><option value='Quirguist\u00e3o' >Quirguist\u00e3o<\/option><option value='Laos' >Laos<\/option><option value='Let\u00f4nia' >Let\u00f4nia<\/option><option value='L\u00edbano' >L\u00edbano<\/option><option value='Lesoto' >Lesoto<\/option><option value='Lib\u00e9ria' >Lib\u00e9ria<\/option><option value='L\u00edbia' >L\u00edbia<\/option><option value='Liechtenstein' >Liechtenstein<\/option><option value='Litu\u00e2nia' >Litu\u00e2nia<\/option><option value='Luxemburgo' >Luxemburgo<\/option><option value='Maced\u00f4nia' >Maced\u00f4nia<\/option><option value='Madagascar' >Madagascar<\/option><option value='Malawi' >Malawi<\/option><option value='Mal\u00e1sia' >Mal\u00e1sia<\/option><option value='Maldivas' >Maldivas<\/option><option value='Mali' >Mali<\/option><option value='Malta' >Malta<\/option><option value='Ilhas Marshall' >Ilhas Marshall<\/option><option value='Maurit\u00e2nia' >Maurit\u00e2nia<\/option><option value='Maur\u00edcio' >Maur\u00edcio<\/option><option value='M\u00e9xico' >M\u00e9xico<\/option><option value='Micron\u00e9sia' >Micron\u00e9sia<\/option><option value='Mold\u00e1via' >Mold\u00e1via<\/option><option value='M\u00f4naco' >M\u00f4naco<\/option><option value='Mong\u00f3lia' >Mong\u00f3lia<\/option><option value='Montenegro' >Montenegro<\/option><option value='Morrocos' >Morrocos<\/option><option value='Mo\u00e7ambique' >Mo\u00e7ambique<\/option><option value='Birm\u00e2nia' >Birm\u00e2nia<\/option><option value='Nam\u00edbia' >Nam\u00edbia<\/option><option value='Nauru' >Nauru<\/option><option value='Nepal' >Nepal<\/option><option value='Holanda' >Holanda<\/option><option value='Nova Zel\u00e2ndia' >Nova Zel\u00e2ndia<\/option><option value='Nicar\u00e1gua' >Nicar\u00e1gua<\/option><option value='N\u00edger' >N\u00edger<\/option><option value='Nig\u00e9ria' >Nig\u00e9ria<\/option><option value='Noruega' >Noruega<\/option><option value='Ilhas Marianas do Norte' >Ilhas Marianas do Norte<\/option><option value='Oman' >Oman<\/option><option value='Paquist\u00e3o' >Paquist\u00e3o<\/option><option value='Palau' >Palau<\/option><option value='Palestina' >Palestina<\/option><option value='Panam\u00e1' >Panam\u00e1<\/option><option value='Papua Nova Guin\u00e9' >Papua Nova Guin\u00e9<\/option><option value='Paraguai' >Paraguai<\/option><option value='Per\u00fa' >Per\u00fa<\/option><option value='Filipinas' >Filipinas<\/option><option value='Pol\u00f4nia' >Pol\u00f4nia<\/option><option value='Portugal' >Portugal<\/option><option value='Porto Rico' >Porto Rico<\/option><option value='Catar' >Catar<\/option><option value='Rom\u00eania' >Rom\u00eania<\/option><option value='R\u00fassia' >R\u00fassia<\/option><option value='Ruanda' >Ruanda<\/option><option value='S\u00e3o Crist\u00f3v\u00e3o e N\u00e9vis' >S\u00e3o Crist\u00f3v\u00e3o e N\u00e9vis<\/option><option value='Santa L\u00facia' >Santa L\u00facia<\/option><option value='S\u00e3o Vicente e Granadinas' >S\u00e3o Vicente e Granadinas<\/option><option value='Samoa' >Samoa<\/option><option value='San Marino' >San Marino<\/option><option value='S\u00e3o Tom\u00e9 e Pr\u00edncipe' >S\u00e3o Tom\u00e9 e Pr\u00edncipe<\/option><option value='Ar\u00e1bia Saudita' >Ar\u00e1bia Saudita<\/option><option value='Senegal' >Senegal<\/option><option value='S\u00e9rvia and Montenegro' >S\u00e9rvia and Montenegro<\/option><option value='Seicheles' >Seicheles<\/option><option value='Serra Leoa' >Serra Leoa<\/option><option value='Cingapura' >Cingapura<\/option><option value='Eslov\u00e1quia' >Eslov\u00e1quia<\/option><option value='Eslov\u00eania' >Eslov\u00eania<\/option><option value='Ilhas Salom\u00e3o' >Ilhas Salom\u00e3o<\/option><option value='Som\u00e1lia' >Som\u00e1lia<\/option><option value='\u00c1frica do Sul' >\u00c1frica do Sul<\/option><option value='Espanha' >Espanha<\/option><option value='Sri Lanka' >Sri Lanka<\/option><option value='Sud\u00e3o' >Sud\u00e3o<\/option><option value='Sudan, South' >Sudan, South<\/option><option value='Suriname' >Suriname<\/option><option value='Suazil\u00e2ndia' >Suazil\u00e2ndia<\/option><option value='Su\u00e9cia' >Su\u00e9cia<\/option><option value='Su\u00ed\u00e7a' >Su\u00ed\u00e7a<\/option><option value='S\u00edria' >S\u00edria<\/option><option value='Taiwan' >Taiwan<\/option><option value='Tadjiquist\u00e3o' >Tadjiquist\u00e3o<\/option><option value='Tanz\u00e2nia' >Tanz\u00e2nia<\/option><option value='Tail\u00e2ndia' >Tail\u00e2ndia<\/option><option value='Togo' >Togo<\/option><option value='Tonga' >Tonga<\/option><option value='Trinidad e Tobago' >Trinidad e Tobago<\/option><option value='Tun\u00edsia' >Tun\u00edsia<\/option><option value='Turquia' >Turquia<\/option><option value='Turcomenist\u00e3o' >Turcomenist\u00e3o<\/option><option value='Tuvalu' >Tuvalu<\/option><option value='Uganda' >Uganda<\/option><option value='Ucr\u00e2nia' >Ucr\u00e2nia<\/option><option value='Emirados \u00c1rabes Unidos' >Emirados \u00c1rabes Unidos<\/option><option value='Reino Unido' >Reino Unido<\/option><option value='Estados Unidos' >Estados Unidos<\/option><option value='Uruguai' >Uruguai<\/option><option value='Uzbequist\u00e3o' >Uzbequist\u00e3o<\/option><option value='Vanuatu' >Vanuatu<\/option><option value='Cidade do Vaticano' >Cidade do Vaticano<\/option><option value='Venezuela' >Venezuela<\/option><option value='Vietn\u00e3' >Vietn\u00e3<\/option><option value='Ilhas Virgens Brit\u00e2nicas' >Ilhas Virgens Brit\u00e2nicas<\/option><option value='Ilhas Virgens, EUA' >Ilhas Virgens, EUA<\/option><option value='I\u00eamen' >I\u00eamen<\/option><option value='Z\u00e2mbia' >Z\u00e2mbia<\/option><option value='Zimb\u00e1bue' >Zimb\u00e1bue<\/option><\/select><label for='input_1_2_6' id='input_1_2_6_label'>Pa\u00eds<\/label><\/span><div class='gf_clear gf_clear_complex'><\/div><\/div><\/li><li id='field_1_4' class='gfield               gfield_contains_required' ><label class='gfield_label' for='input_1_4'>Telefone<span class='gfield_required'>*<\/span><\/label><div class='ginput_container'><input name='input_4' id='input_1_4' type='text' value='' class='medium' tabindex='13'  \/><\/div><\/li><li id='field_1_3' class='gfield               gfield_contains_required' ><label class='gfield_label' for='input_1_3'>E-Mail<span class='gfield_required'>*<\/span><\/label><div class='ginput_container'><input name='input_3' id='input_1_3' type='text' value='' class='medium'  tabindex='14'   \/><\/div><\/li><li id='field_1_5' class='gfield' ><label class='gfield_label' for='input_1_5'>Estato Civil<\/label><div class='ginput_container'><select multiple='multiple' data-placeholder='Clique para selecionar ...' size='7' name='input_5[]' id='input_1_5'  class='medium gfield_select' tabindex='15' ><option value='Solteiro' >Solteiro<\/option><option value='Casado' >Casado<\/option><option value='Divorciado' >Divorciado<\/option><option value='Outros' >Outros<\/option><\/select><\/div><\/li><li id='field_1_6' class='gfield               gfield_contains_required' ><label class='gfield_label' for='input_1_6'>CIR<span class='gfield_required'>*<\/span><\/label><div class='ginput_container'><input name='input_6' id='input_1_6' type='text' value='' class='medium'  tabindex='16'   \/><\/div><\/li><li id='field_1_7' class='gfield               gfield_contains_required' ><label class='gfield_label' for='input_1_7'>Escolaridade<span class='gfield_required'>*<\/span><\/label><div class='ginput_container'><select multiple='multiple' data-placeholder='Clique para selecionar ...' size='7' name='input_7[]' id='input_1_7'  class='medium gfield_select' tabindex='17' ><option value='Superior completo' >Superior completo<\/option><option value='Superior incompleto' >Superior incompleto<\/option><option value='Ensino M\u00e9dio completo' >Ensino M\u00e9dio completo<\/option><option value='Ensino M\u00e9dio incompleto' >Ensino M\u00e9dio incompleto<\/option><option value='Ensino Fundamental completo' >Ensino Fundamental completo<\/option><option value='Ensino Fundamental incompleto' >Ensino Fundamental incompleto<\/option><\/select><\/div><\/li><li id='field_1_8' class='gfield' ><label class='gfield_label' for='input_1_8'>Cursos<\/label><div class='ginput_container'><textarea name='input_8' id='input_1_8' class='textarea medium' tabindex='18'   rows='10' cols='50'><\/textarea><\/div><div class='gfield_description'>Adicione a este campo Cursos que j\u00e1 concluiu ou concluir\u00e1.<\/div><\/li><li id='field_1_11' class='gfield               gfield_contains_required' ><label class='gfield_label' for='input_1_11'>Experi\u00eancia Profissional<span class='gfield_required'>*<\/span><\/label><div class='ginput_container ginput_list'><table class='gfield_list'><colgroup><col id='gfield_list_11_col1' class='gfield_list_col_odd'><\/col><col id='gfield_list_11_col2' class='gfield_list_col_even'><\/col><col id='gfield_list_11_col3' class='gfield_list_col_odd'><\/col><\/colgroup><thead><tr><th>\u00daltima Empresa<\/th><th>Per\u00edodo<\/th><th>Cargo<\/th><th>&nbsp;<\/th><\/tr><\/thead><tbody><tr class='gfield_list_row_odd'><td class='gfield_list_cell gfield_list_11_cell1'><input type='text' name='input_11[]' value='' tabindex='19'\/><\/td><td class='gfield_list_cell gfield_list_11_cell2'><input type='text' name='input_11[]' value='' tabindex='20'\/><\/td><td class='gfield_list_cell gfield_list_11_cell3'><input type='text' name='input_11[]' value='' tabindex='21'\/><\/td><td class='gfield_list_icons'>   <img src='https:\/\/www.sincomam.org.br\/wp-content\/plugins\/gravityforms\/images\/add.png' class='add_list_item '  title='Adicionar uma linha' alt='Adicionar uma linha' onclick='gformAddListItem(this, 100)' style='cursor:pointer; margin:0 3px;' \/>   <img src='https:\/\/www.sincomam.org.br\/wp-content\/plugins\/gravityforms\/images\/remove.png'  title='Remover esta linha' alt='Remover esta linha' class='delete_list_item' style='cursor:pointer; visibility:hidden;' onclick='gformDeleteListItem(this, 100)' \/><\/td><\/tr><\/tbody><\/table><\/div><div class='gfield_description'>Adicione a suas \u00faltimas experi\u00eancias Profissionais: Empresa, Cargo e Per\u00edodo<\/div><\/li><li id='field_1_13' class='gfield' ><label class='gfield_label' for='input_1_13'>Foto<\/label><div class='ginput_container'><input name='input_13' id='input_1_13' type='file' value='' size='20' class='medium' tabindex='22' \/><\/div><\/li>\n                            <\/ul><\/div>\n        <div class='gform_footer top_label'> <input type='submit' id='gform_submit_button_1' class='button gform_button' value='Enviar' tabindex='23' onclick='if(window[\"gf_submitting\"]){return false;} window[\"gf_submitting\"]=true;'\/><input type='hidden' name='gform_ajax' value='form_id=1&amp;title=1&amp;description=1' \/>\n            <input type='hidden' class='gform_hidden' name='is_submit_1' value='1' \/>\n            <input type='hidden' class='gform_hidden' name='gform_submit' value='1' \/>\n            <input type='hidden' class='gform_hidden' name='gform_unique_id' value='' \/>\n            <input type='hidden' class='gform_hidden' name='state_1' value='WyJhOjA6e30iLCJhMDNjNDliMTlhMGIzZmM5ZWUwYTUxMjEyZTE1ODA5YSJd' \/>\n            <input type='hidden' class='gform_hidden' name='gform_target_page_number_1' id='gform_target_page_number_1' value='0' \/>\n            <input type='hidden' class='gform_hidden' name='gform_source_page_number_1' id='gform_source_page_number_1' value='1' \/>\n            <input type='hidden' name='gform_field_values' value='' \/>\n            \n        <\/div>\n                <\/form>\n                <\/div>\n                <iframe style='display:none;width:0px; height:0px;' src='about:blank' name='gform_ajax_frame_1' id='gform_ajax_frame_1'><\/iframe>\n                <script type='text\/javascript'>function gformInitSpinner_1(){jQuery('#gform_1').submit(function(){if(jQuery('#gform_ajax_spinner_1').length == 0){jQuery('#gform_submit_button_1, #gform_wrapper_1 .gform_next_button, #gform_wrapper_1 .gform_image_button').after('<' + 'img id=\"gform_ajax_spinner_1\"  class=\"gform_ajax_spinner\" src=\"https:\/\/www.sincomam.org.br\/wp-content\/plugins\/gravityforms\/images\/spinner.gif\" alt=\"\" \/>'); }} );}jQuery(document).ready(function($){gformInitSpinner_1();jQuery('#gform_ajax_frame_1').load( function(){var contents = jQuery(this).contents().find('*').html();var is_postback = contents.indexOf('GF_AJAX_POSTBACK') >= 0;if(!is_postback){return;}var form_content = jQuery(this).contents().find('#gform_wrapper_1');var is_redirect = contents.indexOf('gformRedirect(){') >= 0;var is_form = !(form_content.length <= 0 || is_redirect);if(is_form){jQuery('#gform_wrapper_1').html(form_content.html());jQuery(document).scrollTop(jQuery('#gform_wrapper_1').offset().top);if(window['gformInitDatepicker']) {gformInitDatepicker();}if(window['gformInitPriceFields']) {gformInitPriceFields();}var current_page = jQuery('#gform_source_page_number_1').val();gformInitSpinner_1();jQuery(document).trigger('gform_page_loaded', [1, current_page]);window['gf_submitting'] = false;}else if(!is_redirect){var confirmation_content = jQuery(this).contents().find('#gforms_confirmation_message').html();if(!confirmation_content){confirmation_content = contents;}setTimeout(function(){jQuery('#gform_wrapper_1').replaceWith('<' + 'div id=\\'gforms_confirmation_message\\' class=\\'gform_confirmation_message_1\\'' + '>' + confirmation_content + '<' + '\/div' + '>');jQuery(document).scrollTop(jQuery('#gforms_confirmation_message').offset().top);jQuery(document).trigger('gform_confirmation_loaded', [1]);window['gf_submitting'] = false;}, 50);}else{jQuery('#gform_1').append(contents);if(window['gformRedirect']) {gformRedirect();}}jQuery(document).trigger('gform_post_render', [1, current_page]);} );} );<\/script><script type='text\/javascript'> if(typeof gf_global == 'undefined') var gf_global = {\"gf_currency_config\":{\"name\":\"D\\u00f3lar dos EUA\",\"symbol_left\":\"$\",\"symbol_right\":\"\",\"symbol_padding\":\"\",\"thousand_separator\":\",\",\"decimal_separator\":\".\",\"decimals\":2},\"base_url\":\"https:\\\/\\\/www.sincomam.org.br\\\/wp-content\\\/plugins\\\/gravityforms\"};jQuery(document).bind('gform_post_render', function(event, formId, currentPage){if(formId == 1) {gformInitChosenFields('#input_1_5,#input_1_7','Nenhum resultado corresponde');} } );jQuery(document).bind('gform_post_conditional_logic', function(event, formId, fields, isInit){gformInitChosenFields('#input_1_5,#input_1_7','Nenhum resultado corresponde');} );<\/script><script type='text\/javascript'> jQuery(document).ready(function(){jQuery(document).trigger('gform_post_render', [1, 1]) } ); <\/script>\n<p>    <a href=\" \" onclick=\"self:print()\" style=\"float: left;margin-left: 84px;margin-top: -72px;color: #FFF;background-color: #2b51a0;padding: 3px 10px;\">Imprimir<\/a><\/p>\n","protected":false},"excerpt":{"rendered":"<p>Imprimir<\/p>\n","protected":false},"author":1187,"featured_media":0,"parent":0,"menu_order":0,"comment_status":"closed","ping_status":"closed","template":"page-template-fullwidth.php","meta":{"footnotes":""},"class_list":["post-541","page","type-page","status-publish","hentry"],"_links":{"self":[{"href":"https:\/\/www.sincomam.org.br\/index.php\/wp-json\/wp\/v2\/pages\/541","targetHints":{"allow":["GET"]}}],"collection":[{"href":"https:\/\/www.sincomam.org.br\/index.php\/wp-json\/wp\/v2\/pages"}],"about":[{"href":"https:\/\/www.sincomam.org.br\/index.php\/wp-json\/wp\/v2\/types\/page"}],"author":[{"embeddable":true,"href":"https:\/\/www.sincomam.org.br\/index.php\/wp-json\/wp\/v2\/users\/1187"}],"replies":[{"embeddable":true,"href":"https:\/\/www.sincomam.org.br\/index.php\/wp-json\/wp\/v2\/comments?post=541"}],"version-history":[{"count":12,"href":"https:\/\/www.sincomam.org.br\/index.php\/wp-json\/wp\/v2\/pages\/541\/revisions"}],"predecessor-version":[{"id":1524,"href":"https:\/\/www.sincomam.org.br\/index.php\/wp-json\/wp\/v2\/pages\/541\/revisions\/1524"}],"wp:attachment":[{"href":"https:\/\/www.sincomam.org.br\/index.php\/wp-json\/wp\/v2\/media?parent=541"}],"curies":[{"name":"wp","href":"https:\/\/api.w.org\/{rel}","templated":true}]}}