{"id":173,"date":"2015-07-09T10:00:50","date_gmt":"2015-07-09T13:00:50","guid":{"rendered":"http:\/\/profile.net.br\/demo\/sincomam1\/?page_id=173"},"modified":"2018-09-18T16:00:16","modified_gmt":"2018-09-18T19:00:16","slug":"sindicalize-se","status":"publish","type":"page","link":"https:\/\/www.sincomam.org.br\/index.php\/sindicalize-se\/","title":{"rendered":"Sindicalize-se!"},"content":{"rendered":"<p>O <span style=\"color: #0000cd;\"><strong>Sindicato Nacional dos Condutores da Marinha Mercante e Afins (SINCOMAM)<\/strong><\/span> \u00e9 uma entidade sindical de natureza laborativa que representa todos os trabalhadores pertencentes \u00e0s categorias de Condutores de M\u00e1quinas e dos Amarradores Portu\u00e1rios em n\u00edvel nacional.\u00a0<span style=\"line-height: 1.6em;\">Diferentemente de uma ONG, sua fonte de custeio \u00e9 unicamente as contribui\u00e7\u00f5es advindas de seus associados que, em contrapartida, usufruem de todos os servi\u00e7os, benef\u00edcios e pr\u00e9stimos sociais disponibilizados pelo <strong><span style=\"color: #0000cd;\">SINCOMAM.<\/span><\/strong><\/span><\/p>\n<p>A entidade est\u00e1 sempre ligada nas exig\u00eancias de mercado e acompanha de perto a moderniza\u00e7\u00e3o da frota mercante no contexto tecnol\u00f3gico de seus sofisticados equipamentos.<span style=\"line-height: 1.6em;\">\u00a0Mant\u00e9m todos os seus representados informados das principais atualiza\u00e7\u00f5es de mercado e n\u00e3o mede esfor\u00e7os para investir na qualifica\u00e7\u00e3o de seus associados, Condutores de M\u00e1quinas e Amarradores Portu\u00e1rios (formados e rec\u00e9m-formados), habilitando-os a integrar as tripula\u00e7\u00f5es de toda e qualquer moderna embarca\u00e7\u00e3o que atua no seguimento aquavi\u00e1rio.<\/span><\/p>\n<p><span style=\"line-height: 1.6em;\">Movido nessa vis\u00e3o de amparo assistencial, a entidade investiu na expans\u00e3o de sua base de atendimento. Seus associados j\u00e1 podem contar com quatro delegacias regionais, localizadas nas cidades de <\/span><strong style=\"line-height: 1.6em;\">Maca\u00e9 &#8211; RJ<\/strong><span style=\"line-height: 1.6em;\">, <\/span><strong style=\"line-height: 1.6em;\">Salvador &#8211; BA e<\/strong> <strong style=\"line-height: 1.6em;\">S\u00e3o Luiz &#8211; MA<\/strong><span style=\"line-height: 1.6em;\">, al\u00e9m da sua sede localizada na cidade do <\/span><strong style=\"line-height: 1.6em;\">Rio de Janeiro\u2013RJ<\/strong><span style=\"line-height: 1.6em;\">, por\u00e9m, n\u00e3o para por a\u00ed, j\u00e1 existe outras bases de atendimento sendo estudadas para que novas Delegacias sejam instaladas em todo o Brasil.<\/span><\/p>\n<p>\u00c9 com essa estrutura e o apoio incondicional aos seus associados que o <strong><span style=\"color: #0000cd;\">SINCOMAM <\/span><\/strong>tem erguido a bandeira dos direitos e benef\u00edcios sociais, n\u00e3o apenas nas campanhas trabalhistas nacionais, mas tamb\u00e9m durante todo o ano com a\u00e7\u00f5es educativas, negocia\u00e7\u00f5es de Acordos Coletivos de Trabalho com as empresas do setor mar\u00edtimo e portu\u00e1rio, servi\u00e7os jur\u00eddicos, produ\u00e7\u00e3o de informativos, comunicados, circulares, etc., j\u00e1 foram v\u00e1rias as conquistas e muito mais poderemos alcan\u00e7ar com a integra\u00e7\u00e3o de todos.<\/p>\n<p><span style=\"line-height: 1.6em;\">O <\/span><strong style=\"line-height: 1.6em;\"><span style=\"color: #0000cd;\">SINCOMAM<\/span><\/strong><span style=\"line-height: 1.6em;\"> disponibiliza aos seus associados, de forma gratuita e quadrimestralmente, a Revista <\/span><span style=\"line-height: 1.6em; color: #0000cd;\"><strong>SINCOMAM<\/strong><\/span><span style=\"line-height: 1.6em;\">, com uma listagem de mais de 70 conv\u00eanios em diversos setores, passando por faculdades, clubes recreativos, academias, cursos t\u00e9cnicos profissionalizantes, farm\u00e1cias, dentre outros, que oferecem descontos especiais, al\u00e9m de informa\u00e7\u00f5es pertinentes ao setor e reportagens de interesse da categoria.<\/span><\/p>\n<p>Seus associados contam ainda com o apoio e orienta\u00e7\u00e3o de uma equipe de advogados especializados, cursos de atualiza\u00e7\u00e3o profissional, indica\u00e7\u00e3o e recoloca\u00e7\u00e3o no mercado de trabalho, al\u00e9m de poder sempre contar com uma voz que n\u00e3o se calar\u00e1 diante da defesa dos interesses das categorias que representa.<\/p>\n<p>Fa\u00e7a parte dessas conquistas,<strong> SINDICALIZE-SE!!!<\/strong><\/p>\n<p><span style=\"font-size: 14px;\"><a href=\"https:\/\/www.sincomam.org.br\/index.php\/formulario-sindicalize-se\/\"><span style=\"color: #ff0000;\"><strong>Clique Aqui<\/strong><\/span><\/a> <strong>e preencha o<strong>\u00a0f<\/strong>ormul\u00e1rio!<\/strong><\/span><\/p>\n","protected":false},"excerpt":{"rendered":"<p>O Sindicato Nacional dos Condutores da Marinha Mercante e Afins (SINCOMAM) \u00e9 uma entidade sindical de natureza laborativa que representa todos os trabalhadores pertencentes \u00e0s&#8230;<\/p>\n","protected":false},"author":1187,"featured_media":507,"parent":0,"menu_order":0,"comment_status":"closed","ping_status":"closed","template":"page-template-fullwidth.php","meta":{"footnotes":""},"class_list":["post-173","page","type-page","status-publish","has-post-thumbnail","hentry"],"_links":{"self":[{"href":"https:\/\/www.sincomam.org.br\/index.php\/wp-json\/wp\/v2\/pages\/173","targetHints":{"allow":["GET"]}}],"collection":[{"href":"https:\/\/www.sincomam.org.br\/index.php\/wp-json\/wp\/v2\/pages"}],"about":[{"href":"https:\/\/www.sincomam.org.br\/index.php\/wp-json\/wp\/v2\/types\/page"}],"author":[{"embeddable":true,"href":"https:\/\/www.sincomam.org.br\/index.php\/wp-json\/wp\/v2\/users\/1187"}],"replies":[{"embeddable":true,"href":"https:\/\/www.sincomam.org.br\/index.php\/wp-json\/wp\/v2\/comments?post=173"}],"version-history":[{"count":16,"href":"https:\/\/www.sincomam.org.br\/index.php\/wp-json\/wp\/v2\/pages\/173\/revisions"}],"predecessor-version":[{"id":27689,"href":"https:\/\/www.sincomam.org.br\/index.php\/wp-json\/wp\/v2\/pages\/173\/revisions\/27689"}],"wp:featuredmedia":[{"embeddable":true,"href":"https:\/\/www.sincomam.org.br\/index.php\/wp-json\/wp\/v2\/media\/507"}],"wp:attachment":[{"href":"https:\/\/www.sincomam.org.br\/index.php\/wp-json\/wp\/v2\/media?parent=173"}],"curies":[{"name":"wp","href":"https:\/\/api.w.org\/{rel}","templated":true}]}}