{"id":117,"date":"2013-10-03T00:07:10","date_gmt":"2013-10-03T00:07:10","guid":{"rendered":"http:\/\/profile.net.br\/demo\/sincomam1\/?page_id=117"},"modified":"2024-07-17T14:37:19","modified_gmt":"2024-07-17T17:37:19","slug":"visitas-a-bordo","status":"publish","type":"page","link":"https:\/\/www.sincomam.org.br\/index.php\/fotos\/visitas-a-bordo\/","title":{"rendered":"Embarca\u00e7\u00f5es visitadas"},"content":{"rendered":"<style>.wp-show-posts-columns#wpsp-52540 {margin-left: -2em; }.wp-show-posts-columns#wpsp-52540 .wp-show-posts-inner {margin: 0 0 2em 2em; }<\/style><section id=\"wpsp-52540\" class=\" wp-show-posts\" style=\"\"><article class=\" wp-show-posts-single wpsp-clearfix post-64694 post type-post status-publish format-standard hentry category-galeria category-visitas-a-bordo\" itemtype=\"http:\/\/schema.org\/CreativeWork\" itemscope><div class=\"wp-show-posts-inner\" style=\"\">\t\t\t\t\t\t<header class=\"wp-show-posts-entry-header\">\n\t\t\t\t\t\t\t<h2 class=\"wp-show-posts-entry-title\" itemprop=\"headline\"><a href=\"https:\/\/www.sincomam.org.br\/index.php\/embarcacoes-visitadas-em-abril-de-2026\/\" rel=\"bookmark\">Embarca\u00e7\u00f5es visitadas em Mar\u00e7o de 2026<\/a><\/h2><div class=\"wp-show-posts-entry-meta wp-show-posts-entry-meta-below-title post-meta-inline\"><span class=\"wp-show-posts-posted-on wp-show-posts-meta\">\n\t\t\t\t\t<a href=\"https:\/\/www.sincomam.org.br\/index.php\/embarcacoes-visitadas-em-abril-de-2026\/\" title=\"12:45\" rel=\"bookmark\"><time class=\"wp-show-posts-entry-date published\" datetime=\"2026-03-31T12:45:12-03:00\" itemprop=\"datePublished\">31 de mar\u00e7o de 2026<\/time><time class=\"wp-show-posts-updated\" datetime=\"2026-04-01T12:08:38-03:00\" itemprop=\"dateModified\">1 de abril de 2026<\/time><\/a>\n\t\t\t\t<\/span><\/div>\t\t\t\t\t\t<\/header><!-- .entry-header -->\n\t\t\t\t\t\t\t\t\t\t\t<div class=\"wp-show-posts-entry-content\" itemprop=\"text\">\n\t\t\t\t\t\t\t<p><a href=\"https:\/\/www.sincomam.org.br\/wp-content\/uploads\/2026\/03\/MARCO-2026.png\"><img decoding=\"async\" class=\"size-medium wp-image-64695 aligncenter\" src=\"https:\/\/www.sincomam.org.br\/wp-content\/uploads\/2026\/03\/MARCO-2026-300x33.png\" alt=\"\" width=\"300\" height=\"33\" srcset=\"https:\/\/www.sincomam.org.br\/wp-content\/uploads\/2026\/03\/MARCO-2026-300x33.png 300w, https:\/\/www.sincomam.org.br\/wp-content\/uploads\/2026\/03\/MARCO-2026-1024x112.png 1024w, https:\/\/www.sincomam.org.br\/wp-content\/uploads\/2026\/03\/MARCO-2026-768x84.png 768w, https:\/\/www.sincomam.org.br\/wp-content\/uploads\/2026\/03\/MARCO-2026-1536x168.png 1536w, https:\/\/www.sincomam.org.br\/wp-content\/uploads\/2026\/03\/MARCO-2026-2048x224.png 2048w\" sizes=\"(max-width: 300px) 100vw, 300px\" \/><\/a><\/p>\n\t\t\t\t\t\t<\/div><!-- .entry-content -->\n\t\t\t\t\t<\/div><!-- wp-show-posts-inner --><div class=\"wpsp-clear\"><\/div><\/article><article class=\" wp-show-posts-single wpsp-clearfix post-64361 post type-post status-publish format-standard hentry category-galeria category-visitas-a-bordo\" itemtype=\"http:\/\/schema.org\/CreativeWork\" itemscope><div class=\"wp-show-posts-inner\" style=\"\">\t\t\t\t\t\t<header class=\"wp-show-posts-entry-header\">\n\t\t\t\t\t\t\t<h2 class=\"wp-show-posts-entry-title\" itemprop=\"headline\"><a href=\"https:\/\/www.sincomam.org.br\/index.php\/embarcacoes-visitadas-em-fevereiro-de-2026\/\" rel=\"bookmark\">Embarca\u00e7\u00f5es visitadas em Fevereiro de 2026<\/a><\/h2><div class=\"wp-show-posts-entry-meta wp-show-posts-entry-meta-below-title post-meta-inline\"><span class=\"wp-show-posts-posted-on wp-show-posts-meta\">\n\t\t\t\t\t<a href=\"https:\/\/www.sincomam.org.br\/index.php\/embarcacoes-visitadas-em-fevereiro-de-2026\/\" title=\"14:29\" rel=\"bookmark\"><time class=\"wp-show-posts-entry-date published\" datetime=\"2026-03-12T14:29:03-03:00\" itemprop=\"datePublished\">12 de mar\u00e7o de 2026<\/time><\/a>\n\t\t\t\t<\/span><\/div>\t\t\t\t\t\t<\/header><!-- .entry-header -->\n\t\t\t\t\t\t\t\t\t\t\t<div class=\"wp-show-posts-entry-content\" itemprop=\"text\">\n\t\t\t\t\t\t\t<p><a href=\"https:\/\/www.sincomam.org.br\/wp-content\/uploads\/2026\/03\/FEVEREIRO-2026.png\"><img decoding=\"async\" class=\"size-medium wp-image-64362 aligncenter\" src=\"https:\/\/www.sincomam.org.br\/wp-content\/uploads\/2026\/03\/FEVEREIRO-2026-300x33.png\" alt=\"\" width=\"300\" height=\"33\" srcset=\"https:\/\/www.sincomam.org.br\/wp-content\/uploads\/2026\/03\/FEVEREIRO-2026-300x33.png 300w, https:\/\/www.sincomam.org.br\/wp-content\/uploads\/2026\/03\/FEVEREIRO-2026-1024x112.png 1024w, https:\/\/www.sincomam.org.br\/wp-content\/uploads\/2026\/03\/FEVEREIRO-2026-768x84.png 768w, https:\/\/www.sincomam.org.br\/wp-content\/uploads\/2026\/03\/FEVEREIRO-2026.png 1368w\" sizes=\"(max-width: 300px) 100vw, 300px\" \/><\/a><\/p>\n\t\t\t\t\t\t<\/div><!-- .entry-content -->\n\t\t\t\t\t<\/div><!-- wp-show-posts-inner --><div class=\"wpsp-clear\"><\/div><\/article><article class=\" wp-show-posts-single wpsp-clearfix post-64358 post type-post status-publish format-standard hentry category-galeria category-visitas-a-bordo\" itemtype=\"http:\/\/schema.org\/CreativeWork\" itemscope><div class=\"wp-show-posts-inner\" style=\"\">\t\t\t\t\t\t<header class=\"wp-show-posts-entry-header\">\n\t\t\t\t\t\t\t<h2 class=\"wp-show-posts-entry-title\" itemprop=\"headline\"><a href=\"https:\/\/www.sincomam.org.br\/index.php\/embarcacoes-visitadas-em-janeiro-de-2026\/\" rel=\"bookmark\">Embarca\u00e7\u00f5es visitadas em Janeiro de 2026<\/a><\/h2><div class=\"wp-show-posts-entry-meta wp-show-posts-entry-meta-below-title post-meta-inline\"><span class=\"wp-show-posts-posted-on wp-show-posts-meta\">\n\t\t\t\t\t<a href=\"https:\/\/www.sincomam.org.br\/index.php\/embarcacoes-visitadas-em-janeiro-de-2026\/\" title=\"14:27\" rel=\"bookmark\"><time class=\"wp-show-posts-entry-date published\" datetime=\"2026-03-12T14:27:49-03:00\" itemprop=\"datePublished\">12 de mar\u00e7o de 2026<\/time><time class=\"wp-show-posts-updated\" datetime=\"2026-03-12T14:29:23-03:00\" itemprop=\"dateModified\">12 de mar\u00e7o de 2026<\/time><\/a>\n\t\t\t\t<\/span><\/div>\t\t\t\t\t\t<\/header><!-- .entry-header -->\n\t\t\t\t\t\t\t\t\t\t\t<div class=\"wp-show-posts-entry-content\" itemprop=\"text\">\n\t\t\t\t\t\t\t<p><a href=\"https:\/\/www.sincomam.org.br\/wp-content\/uploads\/2026\/03\/JANEIRO-2026.png\"><img decoding=\"async\" class=\"size-medium wp-image-64359 aligncenter\" src=\"https:\/\/www.sincomam.org.br\/wp-content\/uploads\/2026\/03\/JANEIRO-2026-300x32.png\" alt=\"\" width=\"300\" height=\"32\" srcset=\"https:\/\/www.sincomam.org.br\/wp-content\/uploads\/2026\/03\/JANEIRO-2026-300x32.png 300w, https:\/\/www.sincomam.org.br\/wp-content\/uploads\/2026\/03\/JANEIRO-2026-1024x111.png 1024w, https:\/\/www.sincomam.org.br\/wp-content\/uploads\/2026\/03\/JANEIRO-2026-768x83.png 768w, https:\/\/www.sincomam.org.br\/wp-content\/uploads\/2026\/03\/JANEIRO-2026.png 1330w\" sizes=\"(max-width: 300px) 100vw, 300px\" \/><\/a><\/p>\n\t\t\t\t\t\t<\/div><!-- .entry-content -->\n\t\t\t\t\t<\/div><!-- wp-show-posts-inner --><div class=\"wpsp-clear\"><\/div><\/article><article class=\" wp-show-posts-single wpsp-clearfix post-63486 post type-post status-publish format-standard hentry category-galeria category-visitas-a-bordo\" itemtype=\"http:\/\/schema.org\/CreativeWork\" itemscope><div class=\"wp-show-posts-inner\" style=\"\">\t\t\t\t\t\t<header class=\"wp-show-posts-entry-header\">\n\t\t\t\t\t\t\t<h2 class=\"wp-show-posts-entry-title\" itemprop=\"headline\"><a href=\"https:\/\/www.sincomam.org.br\/index.php\/embarcacoes-visitadas-em-dezembro-de-2025\/\" rel=\"bookmark\">Embarca\u00e7\u00f5es visitadas em Dezembro de 2025<\/a><\/h2><div class=\"wp-show-posts-entry-meta wp-show-posts-entry-meta-below-title post-meta-inline\"><span class=\"wp-show-posts-posted-on wp-show-posts-meta\">\n\t\t\t\t\t<a href=\"https:\/\/www.sincomam.org.br\/index.php\/embarcacoes-visitadas-em-dezembro-de-2025\/\" title=\"11:49\" rel=\"bookmark\"><time class=\"wp-show-posts-entry-date published\" datetime=\"2026-01-15T11:49:00-03:00\" itemprop=\"datePublished\">15 de janeiro de 2026<\/time><\/a>\n\t\t\t\t<\/span><\/div>\t\t\t\t\t\t<\/header><!-- .entry-header -->\n\t\t\t\t\t\t\t\t\t\t\t<div class=\"wp-show-posts-entry-content\" itemprop=\"text\">\n\t\t\t\t\t\t\t<p><a href=\"https:\/\/www.sincomam.org.br\/wp-content\/uploads\/2026\/01\/dezembro.png\"><img loading=\"lazy\" loading=\"lazy\" decoding=\"async\" class=\"size-medium wp-image-63487 aligncenter\" src=\"https:\/\/www.sincomam.org.br\/wp-content\/uploads\/2026\/01\/dezembro-300x25.png\" alt=\"\" width=\"300\" height=\"25\" srcset=\"https:\/\/www.sincomam.org.br\/wp-content\/uploads\/2026\/01\/dezembro-300x25.png 300w, https:\/\/www.sincomam.org.br\/wp-content\/uploads\/2026\/01\/dezembro-768x64.png 768w, https:\/\/www.sincomam.org.br\/wp-content\/uploads\/2026\/01\/dezembro.png 1020w\" sizes=\"auto, (max-width: 300px) 100vw, 300px\" \/><\/a><\/p>\n\t\t\t\t\t\t<\/div><!-- .entry-content -->\n\t\t\t\t\t<\/div><!-- wp-show-posts-inner --><div class=\"wpsp-clear\"><\/div><\/article><article class=\" wp-show-posts-single wpsp-clearfix post-63483 post type-post status-publish format-standard hentry category-galeria category-visitas-a-bordo\" itemtype=\"http:\/\/schema.org\/CreativeWork\" itemscope><div class=\"wp-show-posts-inner\" style=\"\">\t\t\t\t\t\t<header class=\"wp-show-posts-entry-header\">\n\t\t\t\t\t\t\t<h2 class=\"wp-show-posts-entry-title\" itemprop=\"headline\"><a href=\"https:\/\/www.sincomam.org.br\/index.php\/embarcacoes-visitadas-em-novembro-de-2025\/\" rel=\"bookmark\">Embarca\u00e7\u00f5es visitadas em Novembro de 2025<\/a><\/h2><div class=\"wp-show-posts-entry-meta wp-show-posts-entry-meta-below-title post-meta-inline\"><span class=\"wp-show-posts-posted-on wp-show-posts-meta\">\n\t\t\t\t\t<a href=\"https:\/\/www.sincomam.org.br\/index.php\/embarcacoes-visitadas-em-novembro-de-2025\/\" title=\"11:48\" rel=\"bookmark\"><time class=\"wp-show-posts-entry-date published\" datetime=\"2026-01-15T11:48:20-03:00\" itemprop=\"datePublished\">15 de janeiro de 2026<\/time><\/a>\n\t\t\t\t<\/span><\/div>\t\t\t\t\t\t<\/header><!-- .entry-header -->\n\t\t\t\t\t\t\t\t\t\t\t<div class=\"wp-show-posts-entry-content\" itemprop=\"text\">\n\t\t\t\t\t\t\t<p><a href=\"https:\/\/www.sincomam.org.br\/wp-content\/uploads\/2026\/01\/novembro.png\"><img loading=\"lazy\" loading=\"lazy\" decoding=\"async\" class=\"size-medium wp-image-63484 aligncenter\" src=\"https:\/\/www.sincomam.org.br\/wp-content\/uploads\/2026\/01\/novembro-300x34.png\" alt=\"\" width=\"300\" height=\"34\" srcset=\"https:\/\/www.sincomam.org.br\/wp-content\/uploads\/2026\/01\/novembro-300x34.png 300w, https:\/\/www.sincomam.org.br\/wp-content\/uploads\/2026\/01\/novembro-768x88.png 768w, https:\/\/www.sincomam.org.br\/wp-content\/uploads\/2026\/01\/novembro.png 1015w\" sizes=\"auto, (max-width: 300px) 100vw, 300px\" \/><\/a><\/p>\n\t\t\t\t\t\t<\/div><!-- .entry-content -->\n\t\t\t\t\t<\/div><!-- wp-show-posts-inner --><div class=\"wpsp-clear\"><\/div><\/article><article class=\" wp-show-posts-single wpsp-clearfix post-63480 post type-post status-publish format-standard hentry category-galeria category-visitas-a-bordo\" itemtype=\"http:\/\/schema.org\/CreativeWork\" itemscope><div class=\"wp-show-posts-inner\" style=\"\">\t\t\t\t\t\t<header class=\"wp-show-posts-entry-header\">\n\t\t\t\t\t\t\t<h2 class=\"wp-show-posts-entry-title\" itemprop=\"headline\"><a href=\"https:\/\/www.sincomam.org.br\/index.php\/embarcacoes-visitadas-em-outubro-de-2025\/\" rel=\"bookmark\">Embarca\u00e7\u00f5es visitadas em Outubro de 2025<\/a><\/h2><div class=\"wp-show-posts-entry-meta wp-show-posts-entry-meta-below-title post-meta-inline\"><span class=\"wp-show-posts-posted-on wp-show-posts-meta\">\n\t\t\t\t\t<a href=\"https:\/\/www.sincomam.org.br\/index.php\/embarcacoes-visitadas-em-outubro-de-2025\/\" title=\"11:47\" rel=\"bookmark\"><time class=\"wp-show-posts-entry-date published\" datetime=\"2026-01-15T11:47:45-03:00\" itemprop=\"datePublished\">15 de janeiro de 2026<\/time><\/a>\n\t\t\t\t<\/span><\/div>\t\t\t\t\t\t<\/header><!-- .entry-header -->\n\t\t\t\t\t\t\t\t\t\t\t<div class=\"wp-show-posts-entry-content\" itemprop=\"text\">\n\t\t\t\t\t\t\t<p><a href=\"https:\/\/www.sincomam.org.br\/wp-content\/uploads\/2026\/01\/outubro.png\"><img loading=\"lazy\" loading=\"lazy\" decoding=\"async\" class=\"size-medium wp-image-63481 aligncenter\" src=\"https:\/\/www.sincomam.org.br\/wp-content\/uploads\/2026\/01\/outubro-300x34.png\" alt=\"\" width=\"300\" height=\"34\" srcset=\"https:\/\/www.sincomam.org.br\/wp-content\/uploads\/2026\/01\/outubro-300x34.png 300w, https:\/\/www.sincomam.org.br\/wp-content\/uploads\/2026\/01\/outubro-768x87.png 768w, https:\/\/www.sincomam.org.br\/wp-content\/uploads\/2026\/01\/outubro.png 1014w\" sizes=\"auto, (max-width: 300px) 100vw, 300px\" \/><\/a><\/p>\n\t\t\t\t\t\t<\/div><!-- .entry-content -->\n\t\t\t\t\t<\/div><!-- wp-show-posts-inner --><div class=\"wpsp-clear\"><\/div><\/article><article class=\" wp-show-posts-single wpsp-clearfix post-63477 post type-post status-publish format-standard hentry category-galeria category-visitas-a-bordo\" itemtype=\"http:\/\/schema.org\/CreativeWork\" itemscope><div class=\"wp-show-posts-inner\" style=\"\">\t\t\t\t\t\t<header class=\"wp-show-posts-entry-header\">\n\t\t\t\t\t\t\t<h2 class=\"wp-show-posts-entry-title\" itemprop=\"headline\"><a href=\"https:\/\/www.sincomam.org.br\/index.php\/embarcacoes-visitadas-em-setembro-de-2025\/\" rel=\"bookmark\">Embarca\u00e7\u00f5es visitadas em Setembro de 2025<\/a><\/h2><div class=\"wp-show-posts-entry-meta wp-show-posts-entry-meta-below-title post-meta-inline\"><span class=\"wp-show-posts-posted-on wp-show-posts-meta\">\n\t\t\t\t\t<a href=\"https:\/\/www.sincomam.org.br\/index.php\/embarcacoes-visitadas-em-setembro-de-2025\/\" title=\"11:46\" rel=\"bookmark\"><time class=\"wp-show-posts-entry-date published\" datetime=\"2026-01-15T11:46:52-03:00\" itemprop=\"datePublished\">15 de janeiro de 2026<\/time><\/a>\n\t\t\t\t<\/span><\/div>\t\t\t\t\t\t<\/header><!-- .entry-header -->\n\t\t\t\t\t\t\t\t\t\t\t<div class=\"wp-show-posts-entry-content\" itemprop=\"text\">\n\t\t\t\t\t\t\t<p><a href=\"https:\/\/www.sincomam.org.br\/wp-content\/uploads\/2026\/01\/setembro.png\"><img loading=\"lazy\" loading=\"lazy\" decoding=\"async\" class=\"size-medium wp-image-63478 aligncenter\" src=\"https:\/\/www.sincomam.org.br\/wp-content\/uploads\/2026\/01\/setembro-300x34.png\" alt=\"\" width=\"300\" height=\"34\" srcset=\"https:\/\/www.sincomam.org.br\/wp-content\/uploads\/2026\/01\/setembro-300x34.png 300w, https:\/\/www.sincomam.org.br\/wp-content\/uploads\/2026\/01\/setembro-768x88.png 768w, https:\/\/www.sincomam.org.br\/wp-content\/uploads\/2026\/01\/setembro.png 1015w\" sizes=\"auto, (max-width: 300px) 100vw, 300px\" \/><\/a><\/p>\n\t\t\t\t\t\t<\/div><!-- .entry-content -->\n\t\t\t\t\t<\/div><!-- wp-show-posts-inner --><div class=\"wpsp-clear\"><\/div><\/article><article class=\" wp-show-posts-single wpsp-clearfix post-63474 post type-post status-publish format-standard hentry category-galeria category-visitas-a-bordo\" itemtype=\"http:\/\/schema.org\/CreativeWork\" itemscope><div class=\"wp-show-posts-inner\" style=\"\">\t\t\t\t\t\t<header class=\"wp-show-posts-entry-header\">\n\t\t\t\t\t\t\t<h2 class=\"wp-show-posts-entry-title\" itemprop=\"headline\"><a href=\"https:\/\/www.sincomam.org.br\/index.php\/embarcacoes-visitadas-em-agosto-de-2025\/\" rel=\"bookmark\">Embarca\u00e7\u00f5es visitadas em Agosto de 2025<\/a><\/h2><div class=\"wp-show-posts-entry-meta wp-show-posts-entry-meta-below-title post-meta-inline\"><span class=\"wp-show-posts-posted-on wp-show-posts-meta\">\n\t\t\t\t\t<a href=\"https:\/\/www.sincomam.org.br\/index.php\/embarcacoes-visitadas-em-agosto-de-2025\/\" title=\"11:46\" rel=\"bookmark\"><time class=\"wp-show-posts-entry-date published\" datetime=\"2026-01-15T11:46:05-03:00\" itemprop=\"datePublished\">15 de janeiro de 2026<\/time><\/a>\n\t\t\t\t<\/span><\/div>\t\t\t\t\t\t<\/header><!-- .entry-header -->\n\t\t\t\t\t\t\t\t\t\t\t<div class=\"wp-show-posts-entry-content\" itemprop=\"text\">\n\t\t\t\t\t\t\t<p><a href=\"https:\/\/www.sincomam.org.br\/wp-content\/uploads\/2026\/01\/agosto.png\"><img loading=\"lazy\" loading=\"lazy\" decoding=\"async\" class=\"size-medium wp-image-63475 aligncenter\" src=\"https:\/\/www.sincomam.org.br\/wp-content\/uploads\/2026\/01\/agosto-300x34.png\" alt=\"\" width=\"300\" height=\"34\" srcset=\"https:\/\/www.sincomam.org.br\/wp-content\/uploads\/2026\/01\/agosto-300x34.png 300w, https:\/\/www.sincomam.org.br\/wp-content\/uploads\/2026\/01\/agosto-768x88.png 768w, https:\/\/www.sincomam.org.br\/wp-content\/uploads\/2026\/01\/agosto.png 1014w\" sizes=\"auto, (max-width: 300px) 100vw, 300px\" \/><\/a><\/p>\n\t\t\t\t\t\t<\/div><!-- .entry-content -->\n\t\t\t\t\t<\/div><!-- wp-show-posts-inner --><div class=\"wpsp-clear\"><\/div><\/article><article class=\" wp-show-posts-single wpsp-clearfix post-63470 post type-post status-publish format-standard hentry category-galeria category-visitas-a-bordo\" itemtype=\"http:\/\/schema.org\/CreativeWork\" itemscope><div class=\"wp-show-posts-inner\" style=\"\">\t\t\t\t\t\t<header class=\"wp-show-posts-entry-header\">\n\t\t\t\t\t\t\t<h2 class=\"wp-show-posts-entry-title\" itemprop=\"headline\"><a href=\"https:\/\/www.sincomam.org.br\/index.php\/embarcacoes-visitadas-em-julho-de-2025\/\" rel=\"bookmark\">Embarca\u00e7\u00f5es visitadas em Julho de 2025<\/a><\/h2><div class=\"wp-show-posts-entry-meta wp-show-posts-entry-meta-below-title post-meta-inline\"><span class=\"wp-show-posts-posted-on wp-show-posts-meta\">\n\t\t\t\t\t<a href=\"https:\/\/www.sincomam.org.br\/index.php\/embarcacoes-visitadas-em-julho-de-2025\/\" title=\"11:43\" rel=\"bookmark\"><time class=\"wp-show-posts-entry-date published\" datetime=\"2026-01-15T11:43:14-03:00\" itemprop=\"datePublished\">15 de janeiro de 2026<\/time><\/a>\n\t\t\t\t<\/span><\/div>\t\t\t\t\t\t<\/header><!-- .entry-header -->\n\t\t\t\t\t\t\t\t\t\t\t<div class=\"wp-show-posts-entry-content\" itemprop=\"text\">\n\t\t\t\t\t\t\t<p><a href=\"https:\/\/www.sincomam.org.br\/wp-content\/uploads\/2026\/01\/julho.png\"><img loading=\"lazy\" loading=\"lazy\" decoding=\"async\" class=\"size-medium wp-image-63471 aligncenter\" src=\"https:\/\/www.sincomam.org.br\/wp-content\/uploads\/2026\/01\/julho-300x33.png\" alt=\"\" width=\"300\" height=\"33\" srcset=\"https:\/\/www.sincomam.org.br\/wp-content\/uploads\/2026\/01\/julho-300x33.png 300w, https:\/\/www.sincomam.org.br\/wp-content\/uploads\/2026\/01\/julho-768x85.png 768w, https:\/\/www.sincomam.org.br\/wp-content\/uploads\/2026\/01\/julho.png 1013w\" sizes=\"auto, (max-width: 300px) 100vw, 300px\" \/><\/a><\/p>\n\t\t\t\t\t\t<\/div><!-- .entry-content -->\n\t\t\t\t\t<\/div><!-- wp-show-posts-inner --><div class=\"wpsp-clear\"><\/div><\/article><article class=\" wp-show-posts-single wpsp-clearfix post-63467 post type-post status-publish format-standard hentry category-galeria category-visitas-a-bordo\" itemtype=\"http:\/\/schema.org\/CreativeWork\" itemscope><div class=\"wp-show-posts-inner\" style=\"\">\t\t\t\t\t\t<header class=\"wp-show-posts-entry-header\">\n\t\t\t\t\t\t\t<h2 class=\"wp-show-posts-entry-title\" itemprop=\"headline\"><a href=\"https:\/\/www.sincomam.org.br\/index.php\/embarcacoes-visitadas-em-junho-de-2025\/\" rel=\"bookmark\">Embarca\u00e7\u00f5es visitadas em Junho de 2025<\/a><\/h2><div class=\"wp-show-posts-entry-meta wp-show-posts-entry-meta-below-title post-meta-inline\"><span class=\"wp-show-posts-posted-on wp-show-posts-meta\">\n\t\t\t\t\t<a href=\"https:\/\/www.sincomam.org.br\/index.php\/embarcacoes-visitadas-em-junho-de-2025\/\" title=\"11:42\" rel=\"bookmark\"><time class=\"wp-show-posts-entry-date published\" datetime=\"2026-01-15T11:42:09-03:00\" itemprop=\"datePublished\">15 de janeiro de 2026<\/time><\/a>\n\t\t\t\t<\/span><\/div>\t\t\t\t\t\t<\/header><!-- .entry-header -->\n\t\t\t\t\t\t\t\t\t\t\t<div class=\"wp-show-posts-entry-content\" itemprop=\"text\">\n\t\t\t\t\t\t\t<p><a href=\"https:\/\/www.sincomam.org.br\/wp-content\/uploads\/2026\/01\/junho.png\"><img loading=\"lazy\" loading=\"lazy\" decoding=\"async\" class=\"size-medium wp-image-63468 aligncenter\" src=\"https:\/\/www.sincomam.org.br\/wp-content\/uploads\/2026\/01\/junho-300x34.png\" alt=\"\" width=\"300\" height=\"34\" srcset=\"https:\/\/www.sincomam.org.br\/wp-content\/uploads\/2026\/01\/junho-300x34.png 300w, https:\/\/www.sincomam.org.br\/wp-content\/uploads\/2026\/01\/junho-768x87.png 768w, https:\/\/www.sincomam.org.br\/wp-content\/uploads\/2026\/01\/junho.png 1019w\" sizes=\"auto, (max-width: 300px) 100vw, 300px\" \/><\/a><\/p>\n\t\t\t\t\t\t<\/div><!-- .entry-content -->\n\t\t\t\t\t<\/div><!-- wp-show-posts-inner --><div class=\"wpsp-clear\"><\/div><\/article><\/section><!-- .wp-show-posts --><div class=\"wpsp-load-more\"><span aria-current=\"page\" class=\"page-numbers current\">1<\/span>\n<a class=\"page-numbers\" href=\"https:\/\/www.sincomam.org.br\/index.php\/wp-json\/wp\/v2\/pages\/117\/page\/2\/\">2<\/a>\n<span class=\"page-numbers dots\">&hellip;<\/span>\n<a class=\"page-numbers\" href=\"https:\/\/www.sincomam.org.br\/index.php\/wp-json\/wp\/v2\/pages\/117\/page\/8\/\">8<\/a>\n<a class=\"next page-numbers\" href=\"https:\/\/www.sincomam.org.br\/index.php\/wp-json\/wp\/v2\/pages\/117\/page\/2\/\">Pr\u00f3ximo &rarr;<\/a><\/div>\n","protected":false},"excerpt":{"rendered":"","protected":false},"author":1187,"featured_media":0,"parent":115,"menu_order":0,"comment_status":"closed","ping_status":"closed","template":"","meta":{"footnotes":""},"class_list":["post-117","page","type-page","status-publish","hentry"],"_links":{"self":[{"href":"https:\/\/www.sincomam.org.br\/index.php\/wp-json\/wp\/v2\/pages\/117","targetHints":{"allow":["GET"]}}],"collection":[{"href":"https:\/\/www.sincomam.org.br\/index.php\/wp-json\/wp\/v2\/pages"}],"about":[{"href":"https:\/\/www.sincomam.org.br\/index.php\/wp-json\/wp\/v2\/types\/page"}],"author":[{"embeddable":true,"href":"https:\/\/www.sincomam.org.br\/index.php\/wp-json\/wp\/v2\/users\/1187"}],"replies":[{"embeddable":true,"href":"https:\/\/www.sincomam.org.br\/index.php\/wp-json\/wp\/v2\/comments?post=117"}],"version-history":[{"count":20,"href":"https:\/\/www.sincomam.org.br\/index.php\/wp-json\/wp\/v2\/pages\/117\/revisions"}],"predecessor-version":[{"id":52542,"href":"https:\/\/www.sincomam.org.br\/index.php\/wp-json\/wp\/v2\/pages\/117\/revisions\/52542"}],"up":[{"embeddable":true,"href":"https:\/\/www.sincomam.org.br\/index.php\/wp-json\/wp\/v2\/pages\/115"}],"wp:attachment":[{"href":"https:\/\/www.sincomam.org.br\/index.php\/wp-json\/wp\/v2\/media?parent=117"}],"curies":[{"name":"wp","href":"https:\/\/api.w.org\/{rel}","templated":true}]}}